{"id":89,"date":"2024-09-06T21:28:11","date_gmt":"2024-09-06T21:28:11","guid":{"rendered":"https:\/\/radsportverein-hainichen.de\/?page_id=89"},"modified":"2026-03-08T19:53:05","modified_gmt":"2026-03-08T19:53:05","slug":"termine","status":"publish","type":"page","link":"https:\/\/radsportverein-hainichen.de\/?page_id=89","title":{"rendered":"Termine"},"content":{"rendered":"\n<h2 class=\"wp-block-heading\">Alle Termine f\u00fcr das Jahr 2026<\/h2>\n\n\n\n<p>Auf dieser Seite findest du eine \u00dcbersicht aller Termine f\u00fcr das aktuelle Kalenderjahr.<\/p>\n\n\n\n<figure class=\"wp-block-table\"><table class=\"has-fixed-layout\"><thead><tr><th class=\"has-text-align-center\" data-align=\"center\">Termin<\/th><th class=\"has-text-align-center\" data-align=\"center\">Zeit<\/th><th class=\"has-text-align-center\" data-align=\"center\">Ort<\/th><th class=\"has-text-align-center\" data-align=\"center\">Veranstaltung<\/th><\/tr><\/thead><tbody><tr><td class=\"has-text-align-center\" data-align=\"center\">13.03.2026<\/td><td class=\"has-text-align-center\" data-align=\"center\">18:00 Uhr<\/td><td class=\"has-text-align-center\" data-align=\"center\">Wintergarten Hainichen<\/td><td class=\"has-text-align-center\" data-align=\"center\">Mitgliederversammlung<\/td><\/tr><tr><td class=\"has-text-align-center\" data-align=\"center\">28.03.2026<\/td><td class=\"has-text-align-center\" data-align=\"center\">09:00 Uhr<\/td><td class=\"has-text-align-center\" data-align=\"center\">Rossauer Wald<\/td><td class=\"has-text-align-center\" data-align=\"center\">Arbeitseinsatz<\/td><\/tr><tr><td class=\"has-text-align-center\" data-align=\"center\">03.04.2026<\/td><td class=\"has-text-align-center\" data-align=\"center\">08:00 Uhr<\/td><td class=\"has-text-align-center\" data-align=\"center\">Aldi-Markt Hainichen<\/td><td class=\"has-text-align-center\" data-align=\"center\">Riesa-Mei\u00dfen<\/td><\/tr><tr><td class=\"has-text-align-center\" data-align=\"center\">03.04.2026<\/td><td class=\"has-text-align-center\" data-align=\"center\">09:00 Uhr<\/td><td class=\"has-text-align-center\" data-align=\"center\">MTS Hainichen<\/td><td class=\"has-text-align-center\" data-align=\"center\">Osterrunde 60 km<\/td><\/tr><tr><td class=\"has-text-align-center\" data-align=\"center\">11.04.2026<\/td><td class=\"has-text-align-center\" data-align=\"center\">14.00 Uhr<\/td><td class=\"has-text-align-center\" data-align=\"center\">Rossauer Wald<\/td><td class=\"has-text-align-center\" data-align=\"center\">Anfahren<\/td><\/tr><tr><td class=\"has-text-align-center\" data-align=\"center\">01.05.2026<\/td><td class=\"has-text-align-center\" data-align=\"center\">08:00 Uhr<\/td><td class=\"has-text-align-center\" data-align=\"center\">Aldi-Markt Hainichen<\/td><td class=\"has-text-align-center\" data-align=\"center\">Riese-Mei\u00dfen<\/td><\/tr><tr><td class=\"has-text-align-center\" data-align=\"center\">01.05.2026<\/td><td class=\"has-text-align-center\" data-align=\"center\">08:30 Uhr<\/td><td class=\"has-text-align-center\" data-align=\"center\">MTS Hainichen<\/td><td class=\"has-text-align-center\" data-align=\"center\">Mai-Runde 70 km<\/td><\/tr><tr><td class=\"has-text-align-center\" data-align=\"center\"><strong>17.05.2026<\/strong><\/td><td class=\"has-text-align-center\" data-align=\"center\"><strong>10:00 Uhr<\/strong><\/td><td class=\"has-text-align-center\" data-align=\"center\"><strong>Hainichen<\/strong><\/td><td class=\"has-text-align-center\" data-align=\"center\"><strong>14. Wolfram Lindner Ged\u00e4chtnisrennen<\/strong><\/td><\/tr><tr><td class=\"has-text-align-center\" data-align=\"center\">26.06.2026<\/td><td class=\"has-text-align-center\" data-align=\"center\">17:30 Uhr<\/td><td class=\"has-text-align-center\" data-align=\"center\">Rossauer Wald<\/td><td class=\"has-text-align-center\" data-align=\"center\">Paarzeitfahren<\/td><\/tr><tr><td class=\"has-text-align-center\" data-align=\"center\">19.07.2026<\/td><td class=\"has-text-align-center\" data-align=\"center\">12:00 Uhr<\/td><td class=\"has-text-align-center\" data-align=\"center\">Stadtpark Hainichen<\/td><td class=\"has-text-align-center\" data-align=\"center\">enviaM Cup<\/td><\/tr><tr><td class=\"has-text-align-center\" data-align=\"center\">09.08.2026<\/td><td class=\"has-text-align-center\" data-align=\"center\">10:00 Uhr<\/td><td class=\"has-text-align-center\" data-align=\"center\">Hausdorf<\/td><td class=\"has-text-align-center\" data-align=\"center\">Vereinsmeisterschaft BZF<\/td><\/tr><tr><td class=\"has-text-align-center\" data-align=\"center\">21.-23.08.2026<\/td><td class=\"has-text-align-center\" data-align=\"center\">10:00 Uhr<\/td><td class=\"has-text-align-center\" data-align=\"center\">Rossauer Wald<\/td><td class=\"has-text-align-center\" data-align=\"center\">1000 km<\/td><\/tr><tr><td class=\"has-text-align-center\" data-align=\"center\">05.09.2026<\/td><td class=\"has-text-align-center\" data-align=\"center\">14:00 Uhr<\/td><td class=\"has-text-align-center\" data-align=\"center\">Rossauer Wald<\/td><td class=\"has-text-align-center\" data-align=\"center\">Vereinsmeisterschaft ES<\/td><\/tr><tr><td class=\"has-text-align-center\" data-align=\"center\">26.09.2026<\/td><td class=\"has-text-align-center\" data-align=\"center\">14:00 Uhr<\/td><td class=\"has-text-align-center\" data-align=\"center\">Rossauer Wald<\/td><td class=\"has-text-align-center\" data-align=\"center\">Abfahren<\/td><\/tr><tr><td class=\"has-text-align-center\" data-align=\"center\">10.10.2026<\/td><td class=\"has-text-align-center\" data-align=\"center\">09:00 Uhr<\/td><td class=\"has-text-align-center\" data-align=\"center\">Rossauer Wald<\/td><td class=\"has-text-align-center\" data-align=\"center\">Arbeitseinsatz<\/td><\/tr><tr><td class=\"has-text-align-center\" data-align=\"center\">04.12.2026<\/td><td class=\"has-text-align-center\" data-align=\"center\">16:30 Uhr<\/td><td class=\"has-text-align-center\" data-align=\"center\">Sch\u00f6nerstadt<\/td><td class=\"has-text-align-center\" data-align=\"center\">Weihnachtsfeier<\/td><\/tr><\/tbody><\/table><\/figure>\n\n\n\n<p><\/p>\n","protected":false},"excerpt":{"rendered":"<p>Alle Termine f\u00fcr das Jahr 2026 Auf dieser Seite findest du eine \u00dcbersicht aller Termine f\u00fcr das aktuelle Kalenderjahr. Termin Zeit Ort Veranstaltung 13.03.2026 18:00 Uhr Wintergarten Hainichen Mitgliederversammlung 28.03.2026 09:00 Uhr Rossauer Wald Arbeitseinsatz 03.04.2026 08:00 Uhr Aldi-Markt Hainichen Riesa-Mei\u00dfen 03.04.2026 09:00 Uhr MTS Hainichen Osterrunde 60 km 11.04.2026 14.00 Uhr Rossauer Wald Anfahren [&hellip;]<\/p>\n","protected":false},"author":1,"featured_media":0,"parent":0,"menu_order":0,"comment_status":"closed","ping_status":"closed","template":"","meta":{"site-sidebar-layout":"default","site-content-layout":"","ast-site-content-layout":"","site-content-style":"default","site-sidebar-style":"default","ast-global-header-display":"","ast-banner-title-visibility":"","ast-main-header-display":"","ast-hfb-above-header-display":"","ast-hfb-below-header-display":"","ast-hfb-mobile-header-display":"","site-post-title":"","ast-breadcrumbs-content":"","ast-featured-img":"","footer-sml-layout":"","theme-transparent-header-meta":"","adv-header-id-meta":"","stick-header-meta":"","header-above-stick-meta":"","header-main-stick-meta":"","header-below-stick-meta":"","astra-migrate-meta-layouts":"default","ast-page-background-enabled":"default","ast-page-background-meta":{"desktop":{"background-color":"var(--ast-global-color-4)","background-image":"","background-repeat":"repeat","background-position":"center center","background-size":"auto","background-attachment":"scroll","background-type":"","background-media":"","overlay-type":"","overlay-color":"","overlay-opacity":"","overlay-gradient":""},"tablet":{"background-color":"","background-image":"","background-repeat":"repeat","background-position":"center center","background-size":"auto","background-attachment":"scroll","background-type":"","background-media":"","overlay-type":"","overlay-color":"","overlay-opacity":"","overlay-gradient":""},"mobile":{"background-color":"","background-image":"","background-repeat":"repeat","background-position":"center center","background-size":"auto","background-attachment":"scroll","background-type":"","background-media":"","overlay-type":"","overlay-color":"","overlay-opacity":"","overlay-gradient":""}},"ast-content-background-meta":{"desktop":{"background-color":"var(--ast-global-color-5)","background-image":"","background-repeat":"repeat","background-position":"center center","background-size":"auto","background-attachment":"scroll","background-type":"","background-media":"","overlay-type":"","overlay-color":"","overlay-opacity":"","overlay-gradient":""},"tablet":{"background-color":"var(--ast-global-color-5)","background-image":"","background-repeat":"repeat","background-position":"center center","background-size":"auto","background-attachment":"scroll","background-type":"","background-media":"","overlay-type":"","overlay-color":"","overlay-opacity":"","overlay-gradient":""},"mobile":{"background-color":"var(--ast-global-color-5)","background-image":"","background-repeat":"repeat","background-position":"center center","background-size":"auto","background-attachment":"scroll","background-type":"","background-media":"","overlay-type":"","overlay-color":"","overlay-opacity":"","overlay-gradient":""}},"footnotes":""},"class_list":["post-89","page","type-page","status-publish","hentry"],"_links":{"self":[{"href":"https:\/\/radsportverein-hainichen.de\/index.php?rest_route=\/wp\/v2\/pages\/89","targetHints":{"allow":["GET"]}}],"collection":[{"href":"https:\/\/radsportverein-hainichen.de\/index.php?rest_route=\/wp\/v2\/pages"}],"about":[{"href":"https:\/\/radsportverein-hainichen.de\/index.php?rest_route=\/wp\/v2\/types\/page"}],"author":[{"embeddable":true,"href":"https:\/\/radsportverein-hainichen.de\/index.php?rest_route=\/wp\/v2\/users\/1"}],"replies":[{"embeddable":true,"href":"https:\/\/radsportverein-hainichen.de\/index.php?rest_route=%2Fwp%2Fv2%2Fcomments&post=89"}],"version-history":[{"count":16,"href":"https:\/\/radsportverein-hainichen.de\/index.php?rest_route=\/wp\/v2\/pages\/89\/revisions"}],"predecessor-version":[{"id":483,"href":"https:\/\/radsportverein-hainichen.de\/index.php?rest_route=\/wp\/v2\/pages\/89\/revisions\/483"}],"wp:attachment":[{"href":"https:\/\/radsportverein-hainichen.de\/index.php?rest_route=%2Fwp%2Fv2%2Fmedia&parent=89"}],"curies":[{"name":"wp","href":"https:\/\/api.w.org\/{rel}","templated":true}]}}