{"id":20,"date":"2024-09-06T16:49:01","date_gmt":"2024-09-06T16:49:01","guid":{"rendered":"https:\/\/radsportverein-hainichen.de\/?page_id=20"},"modified":"2025-02-22T09:59:20","modified_gmt":"2025-02-22T09:59:20","slug":"sponsoren","status":"publish","type":"page","link":"https:\/\/radsportverein-hainichen.de\/?page_id=20","title":{"rendered":"Sponsoren"},"content":{"rendered":"\n<h2 class=\"wp-block-heading\" style=\"margin-bottom:var(--wp--preset--spacing--80)\">Vielen Dank an alle Sponsoren!<\/h2>\n\n\n\n<div class=\"wp-block-media-text is-stacked-on-mobile\"><figure class=\"wp-block-media-text__media\"><img loading=\"lazy\" decoding=\"async\" width=\"574\" height=\"186\" src=\"https:\/\/radsportverein-hainichen.de\/wp-content\/uploads\/2025\/02\/Screenshot-2025-02-09-at-11.47.30.png\" alt=\"\" class=\"wp-image-267 size-full\" srcset=\"https:\/\/radsportverein-hainichen.de\/wp-content\/uploads\/2025\/02\/Screenshot-2025-02-09-at-11.47.30.png 574w, https:\/\/radsportverein-hainichen.de\/wp-content\/uploads\/2025\/02\/Screenshot-2025-02-09-at-11.47.30-300x97.png 300w\" sizes=\"auto, (max-width: 574px) 100vw, 574px\" \/><\/figure><div class=\"wp-block-media-text__content\">\n<p class=\"has-text-align-center\">Das Autohaus Gerstenberger ist ein Familienunternehmen mit Tradition. <br>Seit 130 Jahren im Dienste des Kunden.<\/p>\n<\/div><\/div>\n\n\n\n<hr class=\"wp-block-separator has-alpha-channel-opacity is-style-wide\"\/>\n\n\n\n<div class=\"wp-block-media-text has-media-on-the-right is-stacked-on-mobile\" style=\"grid-template-columns:auto 54%\"><div class=\"wp-block-media-text__content\">\n<p class=\"has-text-align-center\">Sanit\u00e4r- und Heizungsbaufirma Roscher &#8211; Ihr kompetenter Ansprechpartner.<\/p>\n\n\n\n<div class=\"wp-block-buttons is-content-justification-center is-layout-flex wp-container-core-buttons-is-layout-a89b3969 wp-block-buttons-is-layout-flex\">\n<div class=\"wp-block-button\"><a class=\"wp-block-button__link wp-element-button\" href=\"https:\/\/www.shkroscher.de\/\">Zur Website<\/a><\/div>\n<\/div>\n<\/div><figure class=\"wp-block-media-text__media\"><img loading=\"lazy\" decoding=\"async\" width=\"420\" height=\"103\" src=\"https:\/\/radsportverein-hainichen.de\/wp-content\/uploads\/2024\/09\/Roscher-GmbH-Logo.jpg\" alt=\"\" class=\"wp-image-229 size-full\" srcset=\"https:\/\/radsportverein-hainichen.de\/wp-content\/uploads\/2024\/09\/Roscher-GmbH-Logo.jpg 420w, https:\/\/radsportverein-hainichen.de\/wp-content\/uploads\/2024\/09\/Roscher-GmbH-Logo-300x74.jpg 300w\" sizes=\"auto, (max-width: 420px) 100vw, 420px\" \/><\/figure><\/div>\n\n\n\n<hr class=\"wp-block-separator has-alpha-channel-opacity is-style-wide\"\/>\n\n\n\n<div class=\"wp-block-media-text is-stacked-on-mobile\"><figure class=\"wp-block-media-text__media\"><img loading=\"lazy\" decoding=\"async\" width=\"494\" height=\"144\" src=\"https:\/\/radsportverein-hainichen.de\/wp-content\/uploads\/2025\/02\/Screenshot-2025-02-09-at-11.47.37.png\" alt=\"\" class=\"wp-image-269 size-full\" srcset=\"https:\/\/radsportverein-hainichen.de\/wp-content\/uploads\/2025\/02\/Screenshot-2025-02-09-at-11.47.37.png 494w, https:\/\/radsportverein-hainichen.de\/wp-content\/uploads\/2025\/02\/Screenshot-2025-02-09-at-11.47.37-300x87.png 300w\" sizes=\"auto, (max-width: 494px) 100vw, 494px\" \/><\/figure><div class=\"wp-block-media-text__content\">\n<p class=\"has-text-align-center\">Seit 1993 ist das Ingenieurb\u00fcro Ulbricht Ihr verl\u00e4sslicher Partner in den Bereichen Umweltberatung, Genehmigungsverfahren, Ger\u00e4uschmessungen und vielem mehr.<\/p>\n\n\n\n<div class=\"wp-block-buttons is-content-justification-center is-layout-flex wp-container-core-buttons-is-layout-a89b3969 wp-block-buttons-is-layout-flex\">\n<div class=\"wp-block-button\"><a class=\"wp-block-button__link wp-element-button\" href=\"https:\/\/www.ib-ulbricht.de\/ueber-uns.html\">Zur Website<\/a><\/div>\n<\/div>\n<\/div><\/div>\n\n\n\n<hr class=\"wp-block-separator has-alpha-channel-opacity is-style-wide\"\/>\n\n\n\n<div class=\"wp-block-media-text has-media-on-the-right is-stacked-on-mobile is-image-fill-element\" style=\"grid-template-columns:auto 54%\"><div class=\"wp-block-media-text__content\">\n<p class=\"has-text-align-center\">Seit der Gr\u00fcndung 1993 k\u00fcmmert sich Frank Design um die Planung und Einrichtung von Arztpraxen und Apotheken.<\/p>\n\n\n\n<div class=\"wp-block-buttons is-content-justification-center is-layout-flex wp-container-core-buttons-is-layout-a89b3969 wp-block-buttons-is-layout-flex\">\n<div class=\"wp-block-button\"><a class=\"wp-block-button__link wp-element-button\" href=\"https:\/\/www.frank-sachsen.de\/\">Zur Website<\/a><\/div>\n<\/div>\n<\/div><figure class=\"wp-block-media-text__media\"><img loading=\"lazy\" decoding=\"async\" width=\"640\" height=\"372\" src=\"https:\/\/radsportverein-hainichen.de\/wp-content\/uploads\/2025\/02\/Screenshot-2025-02-09-at-11.54.31.png\" alt=\"\" class=\"wp-image-272 size-full\" style=\"object-position:50% 50%\" srcset=\"https:\/\/radsportverein-hainichen.de\/wp-content\/uploads\/2025\/02\/Screenshot-2025-02-09-at-11.54.31.png 640w, https:\/\/radsportverein-hainichen.de\/wp-content\/uploads\/2025\/02\/Screenshot-2025-02-09-at-11.54.31-300x174.png 300w\" sizes=\"auto, (max-width: 640px) 100vw, 640px\" \/><\/figure><\/div>\n\n\n\n<hr class=\"wp-block-separator has-alpha-channel-opacity is-style-wide\"\/>\n\n\n\n<div class=\"wp-block-media-text is-stacked-on-mobile\" style=\"padding-top:0;padding-right:0;padding-bottom:0;padding-left:0\"><figure class=\"wp-block-media-text__media\"><img loading=\"lazy\" decoding=\"async\" width=\"500\" height=\"150\" src=\"https:\/\/radsportverein-hainichen.de\/wp-content\/uploads\/2025\/02\/ktf-sponsor.png\" alt=\"\" class=\"wp-image-274 size-full\" srcset=\"https:\/\/radsportverein-hainichen.de\/wp-content\/uploads\/2025\/02\/ktf-sponsor.png 500w, https:\/\/radsportverein-hainichen.de\/wp-content\/uploads\/2025\/02\/ktf-sponsor-300x90.png 300w\" sizes=\"auto, (max-width: 500px) 100vw, 500px\" \/><\/figure><div class=\"wp-block-media-text__content\">\n<p class=\"has-text-align-center\">Ihr kompetenter Partner f\u00fcr Verpackungsmittel und Ladungssicherungsmaterial bei Chemnitz in Sachsen.<\/p>\n\n\n\n<div class=\"wp-block-buttons is-content-justification-center is-layout-flex wp-container-core-buttons-is-layout-a89b3969 wp-block-buttons-is-layout-flex\">\n<div class=\"wp-block-button\"><a class=\"wp-block-button__link wp-element-button\" href=\"https:\/\/www.ktf-verpackung.de\/\">Zur Website<\/a><\/div>\n<\/div>\n<\/div><\/div>\n\n\n\n<hr class=\"wp-block-separator has-alpha-channel-opacity is-style-wide\"\/>\n\n\n\n<div class=\"wp-block-media-text has-media-on-the-right is-stacked-on-mobile\" style=\"grid-template-columns:auto 54%\"><div class=\"wp-block-media-text__content\">\n<p class=\"has-text-align-center\">Der&nbsp;Reisekoffer&nbsp;ist ein Reiseb\u00fcro in der Gellertstadt Hainichen. Die Bandbreite der Reiseangebote spannt sich um die ganze Welt.<\/p>\n\n\n\n<div class=\"wp-block-buttons is-content-justification-center is-layout-flex wp-container-core-buttons-is-layout-a89b3969 wp-block-buttons-is-layout-flex\">\n<div class=\"wp-block-button\"><a class=\"wp-block-button__link wp-element-button\" href=\"https:\/\/www.onlineweg.de\/hainichen-sachsen\/\">Zur Website<\/a><\/div>\n<\/div>\n<\/div><figure class=\"wp-block-media-text__media\"><img loading=\"lazy\" decoding=\"async\" width=\"500\" height=\"150\" src=\"https:\/\/radsportverein-hainichen.de\/wp-content\/uploads\/2025\/02\/reisekoffer-sponsor.png\" alt=\"\" class=\"wp-image-275 size-full\" srcset=\"https:\/\/radsportverein-hainichen.de\/wp-content\/uploads\/2025\/02\/reisekoffer-sponsor.png 500w, https:\/\/radsportverein-hainichen.de\/wp-content\/uploads\/2025\/02\/reisekoffer-sponsor-300x90.png 300w\" sizes=\"auto, (max-width: 500px) 100vw, 500px\" \/><\/figure><\/div>\n\n\n\n<hr class=\"wp-block-separator has-alpha-channel-opacity is-style-wide\"\/>\n\n\n\n<div class=\"wp-block-media-text is-stacked-on-mobile\" style=\"padding-top:0;padding-right:0;padding-bottom:0;padding-left:0\"><figure class=\"wp-block-media-text__media\"><img loading=\"lazy\" decoding=\"async\" width=\"500\" height=\"150\" src=\"https:\/\/radsportverein-hainichen.de\/wp-content\/uploads\/2025\/02\/hw-sponsor.png\" alt=\"\" class=\"wp-image-276 size-full\" srcset=\"https:\/\/radsportverein-hainichen.de\/wp-content\/uploads\/2025\/02\/hw-sponsor.png 500w, https:\/\/radsportverein-hainichen.de\/wp-content\/uploads\/2025\/02\/hw-sponsor-300x90.png 300w\" sizes=\"auto, (max-width: 500px) 100vw, 500px\" \/><\/figure><div class=\"wp-block-media-text__content\">\n<p class=\"has-text-align-center\">Autohaus&nbsp;<em>Hertel<\/em>&nbsp;&amp;&nbsp;<em>Weichert<\/em>&nbsp;GmbH \u2013 Ihr Ford Autoh\u00e4ndler in Hainichen Rundum KFZ-Service sowie g\u00fcnstige Angebote f\u00fcr Neuwagen, Jahreswagen &amp; Gebrauchtwagen.<\/p>\n\n\n\n<div class=\"wp-block-buttons is-content-justification-center is-layout-flex wp-container-core-buttons-is-layout-a89b3969 wp-block-buttons-is-layout-flex\">\n<div class=\"wp-block-button\"><a class=\"wp-block-button__link wp-element-button\" href=\"https:\/\/www.ford-hertel-und-weichert-hainichen.de\/\">Zur Website<\/a><\/div>\n<\/div>\n<\/div><\/div>\n\n\n\n<p><\/p>\n","protected":false},"excerpt":{"rendered":"<p>Vielen Dank an alle Sponsoren! Das Autohaus Gerstenberger ist ein Familienunternehmen mit Tradition. Seit 130 Jahren im Dienste des Kunden.<\/p>\n","protected":false},"author":1,"featured_media":0,"parent":0,"menu_order":0,"comment_status":"closed","ping_status":"closed","template":"","meta":{"site-sidebar-layout":"default","site-content-layout":"","ast-site-content-layout":"default","site-content-style":"default","site-sidebar-style":"default","ast-global-header-display":"","ast-banner-title-visibility":"","ast-main-header-display":"","ast-hfb-above-header-display":"","ast-hfb-below-header-display":"","ast-hfb-mobile-header-display":"","site-post-title":"","ast-breadcrumbs-content":"","ast-featured-img":"","footer-sml-layout":"","ast-disable-related-posts":"","theme-transparent-header-meta":"","adv-header-id-meta":"","stick-header-meta":"","header-above-stick-meta":"","header-main-stick-meta":"","header-below-stick-meta":"","astra-migrate-meta-layouts":"default","ast-page-background-enabled":"default","ast-page-background-meta":{"desktop":{"background-color":"var(--ast-global-color-4)","background-image":"","background-repeat":"repeat","background-position":"center center","background-size":"auto","background-attachment":"scroll","background-type":"","background-media":"","overlay-type":"","overlay-color":"","overlay-opacity":"","overlay-gradient":""},"tablet":{"background-color":"","background-image":"","background-repeat":"repeat","background-position":"center center","background-size":"auto","background-attachment":"scroll","background-type":"","background-media":"","overlay-type":"","overlay-color":"","overlay-opacity":"","overlay-gradient":""},"mobile":{"background-color":"","background-image":"","background-repeat":"repeat","background-position":"center center","background-size":"auto","background-attachment":"scroll","background-type":"","background-media":"","overlay-type":"","overlay-color":"","overlay-opacity":"","overlay-gradient":""}},"ast-content-background-meta":{"desktop":{"background-color":"var(--ast-global-color-5)","background-image":"","background-repeat":"repeat","background-position":"center center","background-size":"auto","background-attachment":"scroll","background-type":"","background-media":"","overlay-type":"","overlay-color":"","overlay-opacity":"","overlay-gradient":""},"tablet":{"background-color":"var(--ast-global-color-5)","background-image":"","background-repeat":"repeat","background-position":"center center","background-size":"auto","background-attachment":"scroll","background-type":"","background-media":"","overlay-type":"","overlay-color":"","overlay-opacity":"","overlay-gradient":""},"mobile":{"background-color":"var(--ast-global-color-5)","background-image":"","background-repeat":"repeat","background-position":"center center","background-size":"auto","background-attachment":"scroll","background-type":"","background-media":"","overlay-type":"","overlay-color":"","overlay-opacity":"","overlay-gradient":""}},"footnotes":""},"class_list":["post-20","page","type-page","status-publish","hentry"],"_links":{"self":[{"href":"https:\/\/radsportverein-hainichen.de\/index.php?rest_route=\/wp\/v2\/pages\/20","targetHints":{"allow":["GET"]}}],"collection":[{"href":"https:\/\/radsportverein-hainichen.de\/index.php?rest_route=\/wp\/v2\/pages"}],"about":[{"href":"https:\/\/radsportverein-hainichen.de\/index.php?rest_route=\/wp\/v2\/types\/page"}],"author":[{"embeddable":true,"href":"https:\/\/radsportverein-hainichen.de\/index.php?rest_route=\/wp\/v2\/users\/1"}],"replies":[{"embeddable":true,"href":"https:\/\/radsportverein-hainichen.de\/index.php?rest_route=%2Fwp%2Fv2%2Fcomments&post=20"}],"version-history":[{"count":13,"href":"https:\/\/radsportverein-hainichen.de\/index.php?rest_route=\/wp\/v2\/pages\/20\/revisions"}],"predecessor-version":[{"id":290,"href":"https:\/\/radsportverein-hainichen.de\/index.php?rest_route=\/wp\/v2\/pages\/20\/revisions\/290"}],"wp:attachment":[{"href":"https:\/\/radsportverein-hainichen.de\/index.php?rest_route=%2Fwp%2Fv2%2Fmedia&parent=20"}],"curies":[{"name":"wp","href":"https:\/\/api.w.org\/{rel}","templated":true}]}}